{"id":5437,"date":"2024-10-18T20:17:39","date_gmt":"2024-10-18T18:17:39","guid":{"rendered":"https:\/\/jednostki.uksw.edu.pl\/azs\/?page_id=5437"},"modified":"2025-09-26T22:19:11","modified_gmt":"2025-09-26T20:19:11","slug":"plywanie","status":"publish","type":"page","link":"https:\/\/azs.uksw.edu.pl\/strona-glowna\/sekcje-sportowe\/plywanie\/","title":{"rendered":"P\u0142ywanie"},"content":{"rendered":"<div class=\"wp-block-image\">\n<figure class=\"alignright size-full\"><img decoding=\"async\" width=\"841\" height=\"828\" src=\"https:\/\/jednostki.uksw.edu.pl\/azs\/wp-content\/uploads\/sites\/55\/2024\/10\/IMG-20240414-WA0004.jpg\" alt=\"\" class=\"wp-image-5349\" srcset=\"https:\/\/azs.uksw.edu.pl\/wp-content\/uploads\/sites\/55\/2024\/10\/IMG-20240414-WA0004.jpg 841w, https:\/\/azs.uksw.edu.pl\/wp-content\/uploads\/sites\/55\/2024\/10\/IMG-20240414-WA0004-300x295.jpg 300w, https:\/\/azs.uksw.edu.pl\/wp-content\/uploads\/sites\/55\/2024\/10\/IMG-20240414-WA0004-768x756.jpg 768w\" sizes=\"(max-width: 841px) 100vw, 841px\" \/><\/figure><\/div>\n\n\n<p>Sekcja p\u0142ywania skupia si\u0119 na treningach przygotowuj\u0105cych do akademickich zawod\u00f3w w p\u0142ywaniu, takich jak Akademickie Mistrzostwa Polski oraz Akademickie Mistrzostwa Warszawy i Mazowsza.<\/p>\n\n\n\n<h2 class=\"wp-block-heading\">Kontakt:<\/h2>\n\n\n\n<h3 class=\"wp-block-heading\">Adam Wa\u015bko &#8211; kierownik sekcji<\/h3>\n\n\n\n<p>adam.wasko48@gmail.com<\/p>\n\n\n\n<p>tel. 571 460 890<\/p>\n\n\n\n<ul class=\"wp-block-social-links is-content-justification-left is-nowrap is-layout-flex wp-container-core-social-links-is-layout-6447b855 wp-block-social-links-is-layout-flex\"><li class=\"wp-social-link wp-social-link-facebook  wp-block-social-link\"><a href=\"https:\/\/www.facebook.com\/adam.wasko.3\" class=\"wp-block-social-link-anchor\"><svg width=\"24\" height=\"24\" viewBox=\"0 0 24 24\" version=\"1.1\" xmlns=\"http:\/\/www.w3.org\/2000\/svg\" aria-hidden=\"true\" focusable=\"false\"><path d=\"M12 2C6.5 2 2 6.5 2 12c0 5 3.7 9.1 8.4 9.9v-7H7.9V12h2.5V9.8c0-2.5 1.5-3.9 3.8-3.9 1.1 0 2.2.2 2.2.2v2.5h-1.3c-1.2 0-1.6.8-1.6 1.6V12h2.8l-.4 2.9h-2.3v7C18.3 21.1 22 17 22 12c0-5.5-4.5-10-10-10z\"><\/path><\/svg><span class=\"wp-block-social-link-label screen-reader-text\">Facebook<\/span><\/a><\/li><\/ul>\n\n\n\n<p><\/p>\n","protected":false},"excerpt":{"rendered":"<p>Sekcja p\u0142ywania skupia si\u0119 na treningach przygotowuj\u0105cych do akademickich zawod\u00f3w w p\u0142ywaniu, takich jak Akademickie Mistrzostwa Polski oraz Akademickie Mistrzostwa Warszawy i Mazowsza. Kontakt: Adam Wa\u015bko &#8211; kierownik sekcji adam.wasko48@gmail.com tel. 571 460 890<\/p>\n","protected":false},"author":627,"featured_media":0,"parent":5118,"menu_order":6,"comment_status":"closed","ping_status":"closed","template":"page-templates\/template-standerd-page.php","meta":{"_acf_changed":false,"inline_featured_image":false,"footnotes":"","_links_to":"","_links_to_target":""},"class_list":["post-5437","page","type-page","status-publish","hentry"],"acf":[],"_links":{"self":[{"href":"https:\/\/azs.uksw.edu.pl\/pl\/wp-json\/wp\/v2\/pages\/5437","targetHints":{"allow":["GET"]}}],"collection":[{"href":"https:\/\/azs.uksw.edu.pl\/pl\/wp-json\/wp\/v2\/pages"}],"about":[{"href":"https:\/\/azs.uksw.edu.pl\/pl\/wp-json\/wp\/v2\/types\/page"}],"author":[{"embeddable":true,"href":"https:\/\/azs.uksw.edu.pl\/pl\/wp-json\/wp\/v2\/users\/627"}],"replies":[{"embeddable":true,"href":"https:\/\/azs.uksw.edu.pl\/pl\/wp-json\/wp\/v2\/comments?post=5437"}],"version-history":[{"count":4,"href":"https:\/\/azs.uksw.edu.pl\/pl\/wp-json\/wp\/v2\/pages\/5437\/revisions"}],"predecessor-version":[{"id":5798,"href":"https:\/\/azs.uksw.edu.pl\/pl\/wp-json\/wp\/v2\/pages\/5437\/revisions\/5798"}],"up":[{"embeddable":true,"href":"https:\/\/azs.uksw.edu.pl\/pl\/wp-json\/wp\/v2\/pages\/5118"}],"wp:attachment":[{"href":"https:\/\/azs.uksw.edu.pl\/pl\/wp-json\/wp\/v2\/media?parent=5437"}],"curies":[{"name":"wp","href":"https:\/\/api.w.org\/{rel}","templated":true}]}}