{"id":5204,"date":"2024-10-18T20:16:05","date_gmt":"2024-10-18T18:16:05","guid":{"rendered":"https:\/\/jednostki.uksw.edu.pl\/azs\/?page_id=5204"},"modified":"2026-01-26T17:05:17","modified_gmt":"2026-01-26T16:05:17","slug":"siatkowka-mezczyzn","status":"publish","type":"page","link":"https:\/\/azs.uksw.edu.pl\/strona-glowna\/sekcje-sportowe\/siatkowka-mezczyzn\/","title":{"rendered":"Pi\u0142ka siatkowa m\u0119\u017cczyzn"},"content":{"rendered":"<div class=\"wp-block-image\">\n<figure class=\"alignright size-large\"><img decoding=\"async\" width=\"1024\" height=\"684\" src=\"https:\/\/jednostki.uksw.edu.pl\/azs\/wp-content\/uploads\/sites\/55\/2024\/10\/siatka-m2-1024x684.jpg\" alt=\"\" class=\"wp-image-5266\" srcset=\"https:\/\/azs.uksw.edu.pl\/wp-content\/uploads\/sites\/55\/2024\/10\/siatka-m2-1024x684.jpg 1024w, https:\/\/azs.uksw.edu.pl\/wp-content\/uploads\/sites\/55\/2024\/10\/siatka-m2-300x200.jpg 300w, https:\/\/azs.uksw.edu.pl\/wp-content\/uploads\/sites\/55\/2024\/10\/siatka-m2-768x513.jpg 768w, https:\/\/azs.uksw.edu.pl\/wp-content\/uploads\/sites\/55\/2024\/10\/siatka-m2-1536x1025.jpg 1536w, https:\/\/azs.uksw.edu.pl\/wp-content\/uploads\/sites\/55\/2024\/10\/siatka-m2-251x168.jpg 251w, https:\/\/azs.uksw.edu.pl\/wp-content\/uploads\/sites\/55\/2024\/10\/siatka-m2-343x229.jpg 343w, https:\/\/azs.uksw.edu.pl\/wp-content\/uploads\/sites\/55\/2024\/10\/siatka-m2-526x351.jpg 526w, https:\/\/azs.uksw.edu.pl\/wp-content\/uploads\/sites\/55\/2024\/10\/siatka-m2-423x283.jpg 423w, https:\/\/azs.uksw.edu.pl\/wp-content\/uploads\/sites\/55\/2024\/10\/siatka-m2-848x567.jpg 848w, https:\/\/azs.uksw.edu.pl\/wp-content\/uploads\/sites\/55\/2024\/10\/siatka-m2.jpg 2048w\" sizes=\"(max-width: 1024px) 100vw, 1024px\" \/><\/figure><\/div>\n\n\n<p><\/p>\n\n\n\n<p>Sekcja siatk\u00f3wki m\u0119skiej to dynamiczna spo\u0142eczno\u015b\u0107 skupiaj\u0105ca student\u00f3w z pasj\u0105 do tego sportu. W ramach sekcji organizowane s\u0105 regularne treningi, mecze ligowe, a tak\u017ce spotkania integracyjne, kt\u00f3re buduj\u0105 silne wi\u0119zi mi\u0119dzy cz\u0142onkami. Dzi\u0119ki profesjonalnemu wsparciu trenera oraz do\u015bwiadczonych zawodnik\u00f3w sekcji, ka\u017cdy ma niepowtarzaln\u0105 mo\u017cliwo\u015b\u0107 doskonalenia swoich umiej\u0119tno\u015bci, rozwijania warto\u015bci takich jak wsp\u00f3\u0142praca czy determinacja oraz osi\u0105gania sukces\u00f3w na arenie sportowej \u2013 np. poprzez udzia\u0142 w Akademickich Mistrzostwach Polski. Nasza sekcja siatk\u00f3wki to nie tylko miejsce do uprawiania sportu, ale r\u00f3wnie\u017c do tworzenia niezapomnianych wspomnie\u0144 i do\u015bwiadcze\u0144, kt\u00f3re kszta\u0142tuj\u0105 ca\u0142e studenckie \u017cycie.<\/p>\n\n\n\n<p><\/p>\n\n\n\n<h2 class=\"wp-block-heading\">Treningi:<\/h2>\n\n\n\n<p>czwartki, pi\u0105tki 20:30-22:30<\/p>\n\n\n\n<p>Hala sportowa UKSW W\u00f3ycickiego 5<\/p>\n\n\n\n<div class=\"wp-block-group\"><div class=\"wp-block-group__inner-container\">\n<h2 class=\"wp-block-heading\">Krzysztof Mazur &#8211; kierownik sekcji<\/h2>\n\n\n\n<p>krzysztofmazur205@gmail.com<\/p>\n\n\n\n<p>tel. 883330440<\/p>\n\n\n\n<ul class=\"wp-block-social-links is-layout-flex wp-block-social-links-is-layout-flex\"><li class=\"wp-social-link wp-social-link-facebook  wp-block-social-link\"><a href=\"https:\/\/www.facebook.com\/profile.php?id=100031665680608\" class=\"wp-block-social-link-anchor\"><svg width=\"24\" height=\"24\" viewBox=\"0 0 24 24\" version=\"1.1\" xmlns=\"http:\/\/www.w3.org\/2000\/svg\" aria-hidden=\"true\" focusable=\"false\"><path d=\"M12 2C6.5 2 2 6.5 2 12c0 5 3.7 9.1 8.4 9.9v-7H7.9V12h2.5V9.8c0-2.5 1.5-3.9 3.8-3.9 1.1 0 2.2.2 2.2.2v2.5h-1.3c-1.2 0-1.6.8-1.6 1.6V12h2.8l-.4 2.9h-2.3v7C18.3 21.1 22 17 22 12c0-5.5-4.5-10-10-10z\"><\/path><\/svg><span class=\"wp-block-social-link-label screen-reader-text\">Facebook<\/span><\/a><\/li><\/ul>\n\n\n\n<div style=\"height:21px\" aria-hidden=\"true\" class=\"wp-block-spacer\"><\/div>\n\n\n\n<h3 class=\"wp-block-heading\">Bartek Wielgosz &#8211; trener<\/h3>\n\n\n\n<p>bartek.piotr.wielgosz@gmail.com<\/p>\n<\/div><\/div>\n","protected":false},"excerpt":{"rendered":"<p>Sekcja siatk\u00f3wki m\u0119skiej to dynamiczna spo\u0142eczno\u015b\u0107 skupiaj\u0105ca student\u00f3w z pasj\u0105 do tego sportu. W ramach sekcji organizowane s\u0105 regularne treningi, mecze ligowe, a tak\u017ce spotkania integracyjne, kt\u00f3re buduj\u0105 silne wi\u0119zi mi\u0119dzy cz\u0142onkami. Dzi\u0119ki profesjonalnemu wsparciu trenera oraz do\u015bwiadczonych zawodnik\u00f3w sekcji, ka\u017cdy ma niepowtarzaln\u0105 mo\u017cliwo\u015b\u0107 doskonalenia swoich umiej\u0119tno\u015bci, rozwijania warto\u015bci takich jak wsp\u00f3\u0142praca czy determinacja oraz [&hellip;]<\/p>\n","protected":false},"author":627,"featured_media":0,"parent":5118,"menu_order":4,"comment_status":"closed","ping_status":"closed","template":"page-templates\/template-standerd-page.php","meta":{"_acf_changed":false,"inline_featured_image":false,"footnotes":"","_links_to":"","_links_to_target":""},"class_list":["post-5204","page","type-page","status-publish","hentry"],"acf":[],"_links":{"self":[{"href":"https:\/\/azs.uksw.edu.pl\/pl\/wp-json\/wp\/v2\/pages\/5204","targetHints":{"allow":["GET"]}}],"collection":[{"href":"https:\/\/azs.uksw.edu.pl\/pl\/wp-json\/wp\/v2\/pages"}],"about":[{"href":"https:\/\/azs.uksw.edu.pl\/pl\/wp-json\/wp\/v2\/types\/page"}],"author":[{"embeddable":true,"href":"https:\/\/azs.uksw.edu.pl\/pl\/wp-json\/wp\/v2\/users\/627"}],"replies":[{"embeddable":true,"href":"https:\/\/azs.uksw.edu.pl\/pl\/wp-json\/wp\/v2\/comments?post=5204"}],"version-history":[{"count":14,"href":"https:\/\/azs.uksw.edu.pl\/pl\/wp-json\/wp\/v2\/pages\/5204\/revisions"}],"predecessor-version":[{"id":5870,"href":"https:\/\/azs.uksw.edu.pl\/pl\/wp-json\/wp\/v2\/pages\/5204\/revisions\/5870"}],"up":[{"embeddable":true,"href":"https:\/\/azs.uksw.edu.pl\/pl\/wp-json\/wp\/v2\/pages\/5118"}],"wp:attachment":[{"href":"https:\/\/azs.uksw.edu.pl\/pl\/wp-json\/wp\/v2\/media?parent=5204"}],"curies":[{"name":"wp","href":"https:\/\/api.w.org\/{rel}","templated":true}]}}