{"id":5200,"date":"2024-10-18T20:16:50","date_gmt":"2024-10-18T18:16:50","guid":{"rendered":"https:\/\/jednostki.uksw.edu.pl\/azs\/?page_id=5200"},"modified":"2026-01-26T17:05:37","modified_gmt":"2026-01-26T16:05:37","slug":"siatkowka-kobiet","status":"publish","type":"page","link":"https:\/\/azs.uksw.edu.pl\/strona-glowna\/sekcje-sportowe\/siatkowka-kobiet\/","title":{"rendered":"Pi\u0142ka siatkowa kobiet"},"content":{"rendered":"<div class=\"wp-block-image\">\n<figure class=\"alignright size-large is-resized\"><img decoding=\"async\" width=\"1024\" height=\"920\" src=\"https:\/\/azs.uksw.edu.pl\/wp-content\/uploads\/sites\/55\/2025\/09\/a4ea4a47-342b-458b-b49f-11a860157d0c-1024x920.jpeg\" alt=\"pi\u0142ka_siatka_kobiet_2025\" class=\"wp-image-5776\" style=\"width:821px;height:auto\" srcset=\"https:\/\/azs.uksw.edu.pl\/wp-content\/uploads\/sites\/55\/2025\/09\/a4ea4a47-342b-458b-b49f-11a860157d0c-1024x920.jpeg 1024w, https:\/\/azs.uksw.edu.pl\/wp-content\/uploads\/sites\/55\/2025\/09\/a4ea4a47-342b-458b-b49f-11a860157d0c-300x269.jpeg 300w, https:\/\/azs.uksw.edu.pl\/wp-content\/uploads\/sites\/55\/2025\/09\/a4ea4a47-342b-458b-b49f-11a860157d0c-768x690.jpeg 768w, https:\/\/azs.uksw.edu.pl\/wp-content\/uploads\/sites\/55\/2025\/09\/a4ea4a47-342b-458b-b49f-11a860157d0c.jpeg 1372w\" sizes=\"(max-width: 1024px) 100vw, 1024px\" \/><\/figure><\/div>\n\n\n<p>Odwied\u017a nasz\u0105 sekcj\u0119 AZS Pi\u0142ki Siatkowej Damskiej, gdzie \u015bwietna atmosfera \u0142\u0105czy si\u0119 z ogromn\u0105 pasj\u0105 do siatk\u00f3wki! Nasze zawodniczki ci\u0105gle d\u0105\u017c\u0105 do poprawy swojej formy aby m\u00f3c do\u015bwiadczy\u0107 ekscytuj\u0105cej rywalizacji na zawodach. Do\u0142\u0105cz do naszego zespo\u0142u, gdzie ka\u017cdy trening to krok ku doskona\u0142o\u015bci, a wsp\u00f3lna pasja przynosi niezapomniane emocje!<\/p>\n\n\n\n<p><\/p>\n\n\n\n<h2 class=\"wp-block-heading\">Treningi:<\/h2>\n\n\n\n<p>czwartki i pi\u0105tki 20:30-22:30<\/p>\n\n\n\n<p>Hala sportowa UKSW W\u00f3ycickiego 5<\/p>\n\n\n\n<div class=\"wp-block-group\"><div class=\"wp-block-group__inner-container\">\n<h3 class=\"wp-block-heading\">Julia Mendyk &#8211; wsp\u00f3\u0142kierowniczka sekcji<\/h3>\n\n\n\n<p>julia.mendyk14@onet.pl<\/p>\n\n\n\n<ul class=\"wp-block-social-links is-layout-flex wp-block-social-links-is-layout-flex\"><li class=\"wp-social-link wp-social-link-facebook  wp-block-social-link\"><a href=\"https:\/\/www.facebook.com\/julka.mendyk\" class=\"wp-block-social-link-anchor\"><svg width=\"24\" height=\"24\" viewBox=\"0 0 24 24\" version=\"1.1\" xmlns=\"http:\/\/www.w3.org\/2000\/svg\" aria-hidden=\"true\" focusable=\"false\"><path d=\"M12 2C6.5 2 2 6.5 2 12c0 5 3.7 9.1 8.4 9.9v-7H7.9V12h2.5V9.8c0-2.5 1.5-3.9 3.8-3.9 1.1 0 2.2.2 2.2.2v2.5h-1.3c-1.2 0-1.6.8-1.6 1.6V12h2.8l-.4 2.9h-2.3v7C18.3 21.1 22 17 22 12c0-5.5-4.5-10-10-10z\"><\/path><\/svg><span class=\"wp-block-social-link-label screen-reader-text\">Facebook<\/span><\/a><\/li><\/ul>\n\n\n\n<p><\/p>\n\n\n\n<h3 class=\"wp-block-heading\">Weronika Tomaniak &#8211; wsp\u00f3\u0142kierowniczka sekcji<\/h3>\n\n\n\n<p>tomaniakweronika@gmail.com<\/p>\n\n\n\n<ul class=\"wp-block-social-links is-layout-flex wp-block-social-links-is-layout-flex\"><li class=\"wp-social-link wp-social-link-facebook  wp-block-social-link\"><a href=\"https:\/\/www.facebook.com\/weronika.tomaniak\" class=\"wp-block-social-link-anchor\"><svg width=\"24\" height=\"24\" viewBox=\"0 0 24 24\" version=\"1.1\" xmlns=\"http:\/\/www.w3.org\/2000\/svg\" aria-hidden=\"true\" focusable=\"false\"><path d=\"M12 2C6.5 2 2 6.5 2 12c0 5 3.7 9.1 8.4 9.9v-7H7.9V12h2.5V9.8c0-2.5 1.5-3.9 3.8-3.9 1.1 0 2.2.2 2.2.2v2.5h-1.3c-1.2 0-1.6.8-1.6 1.6V12h2.8l-.4 2.9h-2.3v7C18.3 21.1 22 17 22 12c0-5.5-4.5-10-10-10z\"><\/path><\/svg><span class=\"wp-block-social-link-label screen-reader-text\">Facebook<\/span><\/a><\/li><\/ul>\n\n\n\n<h4 class=\"wp-block-heading\">Grupa sekcji na Facebooku:<\/h4>\n\n\n\n<ul class=\"wp-block-social-links is-layout-flex wp-block-social-links-is-layout-flex\"><li class=\"wp-social-link wp-social-link-facebook  wp-block-social-link\"><a href=\"https:\/\/www.facebook.com\/groups\/289958757322772\/\" class=\"wp-block-social-link-anchor\"><svg width=\"24\" height=\"24\" viewBox=\"0 0 24 24\" version=\"1.1\" xmlns=\"http:\/\/www.w3.org\/2000\/svg\" aria-hidden=\"true\" focusable=\"false\"><path d=\"M12 2C6.5 2 2 6.5 2 12c0 5 3.7 9.1 8.4 9.9v-7H7.9V12h2.5V9.8c0-2.5 1.5-3.9 3.8-3.9 1.1 0 2.2.2 2.2.2v2.5h-1.3c-1.2 0-1.6.8-1.6 1.6V12h2.8l-.4 2.9h-2.3v7C18.3 21.1 22 17 22 12c0-5.5-4.5-10-10-10z\"><\/path><\/svg><span class=\"wp-block-social-link-label screen-reader-text\">Facebook<\/span><\/a><\/li><\/ul>\n\n\n\n<div style=\"height:20px\" aria-hidden=\"true\" class=\"wp-block-spacer\"><\/div>\n<\/div><\/div>\n\n\n\n<figure class=\"wp-block-image size-large\"><img decoding=\"async\" width=\"1024\" height=\"656\" src=\"https:\/\/azs.uksw.edu.pl\/wp-content\/uploads\/sites\/55\/2024\/10\/siatkowka-damska-1024x656.jpg\" alt=\"siatkowka_kobiet\" class=\"wp-image-5269\" srcset=\"https:\/\/azs.uksw.edu.pl\/wp-content\/uploads\/sites\/55\/2024\/10\/siatkowka-damska-1024x656.jpg 1024w, https:\/\/azs.uksw.edu.pl\/wp-content\/uploads\/sites\/55\/2024\/10\/siatkowka-damska-300x192.jpg 300w, https:\/\/azs.uksw.edu.pl\/wp-content\/uploads\/sites\/55\/2024\/10\/siatkowka-damska-768x492.jpg 768w, https:\/\/azs.uksw.edu.pl\/wp-content\/uploads\/sites\/55\/2024\/10\/siatkowka-damska-1536x983.jpg 1536w, https:\/\/azs.uksw.edu.pl\/wp-content\/uploads\/sites\/55\/2024\/10\/siatkowka-damska-2048x1311.jpg 2048w\" sizes=\"(max-width: 1024px) 100vw, 1024px\" \/><\/figure>\n\n\n\n<p><\/p>\n","protected":false},"excerpt":{"rendered":"<p>Odwied\u017a nasz\u0105 sekcj\u0119 AZS Pi\u0142ki Siatkowej Damskiej, gdzie \u015bwietna atmosfera \u0142\u0105czy si\u0119 z ogromn\u0105 pasj\u0105 do siatk\u00f3wki! Nasze zawodniczki ci\u0105gle d\u0105\u017c\u0105 do poprawy swojej formy aby m\u00f3c do\u015bwiadczy\u0107 ekscytuj\u0105cej rywalizacji na zawodach. Do\u0142\u0105cz do naszego zespo\u0142u, gdzie ka\u017cdy trening to krok ku doskona\u0142o\u015bci, a wsp\u00f3lna pasja przynosi niezapomniane emocje! Treningi: czwartki i pi\u0105tki 20:30-22:30 Hala [&hellip;]<\/p>\n","protected":false},"author":627,"featured_media":0,"parent":5118,"menu_order":5,"comment_status":"closed","ping_status":"closed","template":"page-templates\/template-standerd-page.php","meta":{"_acf_changed":false,"inline_featured_image":false,"footnotes":"","_links_to":"","_links_to_target":""},"class_list":["post-5200","page","type-page","status-publish","hentry"],"acf":[],"_links":{"self":[{"href":"https:\/\/azs.uksw.edu.pl\/pl\/wp-json\/wp\/v2\/pages\/5200","targetHints":{"allow":["GET"]}}],"collection":[{"href":"https:\/\/azs.uksw.edu.pl\/pl\/wp-json\/wp\/v2\/pages"}],"about":[{"href":"https:\/\/azs.uksw.edu.pl\/pl\/wp-json\/wp\/v2\/types\/page"}],"author":[{"embeddable":true,"href":"https:\/\/azs.uksw.edu.pl\/pl\/wp-json\/wp\/v2\/users\/627"}],"replies":[{"embeddable":true,"href":"https:\/\/azs.uksw.edu.pl\/pl\/wp-json\/wp\/v2\/comments?post=5200"}],"version-history":[{"count":18,"href":"https:\/\/azs.uksw.edu.pl\/pl\/wp-json\/wp\/v2\/pages\/5200\/revisions"}],"predecessor-version":[{"id":5871,"href":"https:\/\/azs.uksw.edu.pl\/pl\/wp-json\/wp\/v2\/pages\/5200\/revisions\/5871"}],"up":[{"embeddable":true,"href":"https:\/\/azs.uksw.edu.pl\/pl\/wp-json\/wp\/v2\/pages\/5118"}],"wp:attachment":[{"href":"https:\/\/azs.uksw.edu.pl\/pl\/wp-json\/wp\/v2\/media?parent=5200"}],"curies":[{"name":"wp","href":"https:\/\/api.w.org\/{rel}","templated":true}]}}