{"id":5189,"date":"2024-10-18T20:18:27","date_gmt":"2024-10-18T18:18:27","guid":{"rendered":"https:\/\/jednostki.uksw.edu.pl\/azs\/?page_id=5189"},"modified":"2025-09-26T22:25:46","modified_gmt":"2025-09-26T20:25:46","slug":"szachy","status":"publish","type":"page","link":"https:\/\/azs.uksw.edu.pl\/strona-glowna\/sekcje-sportowe\/szachy\/","title":{"rendered":"Szachy i bryd\u017c sportowy"},"content":{"rendered":"\n<p>Co roku startujemy w Akademickich Mistrzostwach Polski, ale zach\u0119camy te\u017c do start\u00f3w w innych zawodach.<\/p>\n\n\n\n<div style=\"height:30px\" aria-hidden=\"true\" class=\"wp-block-spacer\"><\/div>\n\n\n\n<p>Na wszystkie pytania z ch\u0119ci\u0105 odpowiemy drog\u0105 mailow\u0105 lub przez Messenger AZS UKSW<\/p>\n\n\n\n<ul class=\"wp-block-social-links is-layout-flex wp-block-social-links-is-layout-flex\"><li class=\"wp-social-link wp-social-link-facebook  wp-block-social-link\"><a href=\"https:\/\/www.facebook.com\/AZS.UKSW\" class=\"wp-block-social-link-anchor\"><svg width=\"24\" height=\"24\" viewBox=\"0 0 24 24\" version=\"1.1\" xmlns=\"http:\/\/www.w3.org\/2000\/svg\" aria-hidden=\"true\" focusable=\"false\"><path d=\"M12 2C6.5 2 2 6.5 2 12c0 5 3.7 9.1 8.4 9.9v-7H7.9V12h2.5V9.8c0-2.5 1.5-3.9 3.8-3.9 1.1 0 2.2.2 2.2.2v2.5h-1.3c-1.2 0-1.6.8-1.6 1.6V12h2.8l-.4 2.9h-2.3v7C18.3 21.1 22 17 22 12c0-5.5-4.5-10-10-10z\"><\/path><\/svg><span class=\"wp-block-social-link-label screen-reader-text\">Facebook<\/span><\/a><\/li><\/ul>\n\n\n\n<div style=\"height:15px\" aria-hidden=\"true\" class=\"wp-block-spacer\"><\/div>\n\n\n\n<figure class=\"wp-block-image size-large\"><img decoding=\"async\" width=\"1024\" height=\"576\" src=\"https:\/\/azs.uksw.edu.pl\/wp-content\/uploads\/sites\/55\/2025\/09\/482313197_1029430665708898_4151583881662504524_n-1024x576.jpg\" alt=\"\" class=\"wp-image-5799\" srcset=\"https:\/\/azs.uksw.edu.pl\/wp-content\/uploads\/sites\/55\/2025\/09\/482313197_1029430665708898_4151583881662504524_n-1024x576.jpg 1024w, https:\/\/azs.uksw.edu.pl\/wp-content\/uploads\/sites\/55\/2025\/09\/482313197_1029430665708898_4151583881662504524_n-300x169.jpg 300w, https:\/\/azs.uksw.edu.pl\/wp-content\/uploads\/sites\/55\/2025\/09\/482313197_1029430665708898_4151583881662504524_n-768x432.jpg 768w, https:\/\/azs.uksw.edu.pl\/wp-content\/uploads\/sites\/55\/2025\/09\/482313197_1029430665708898_4151583881662504524_n.jpg 1522w\" sizes=\"(max-width: 1024px) 100vw, 1024px\" \/><\/figure>\n\n\n\n<figure class=\"wp-block-image size-large\"><img decoding=\"async\" width=\"655\" height=\"1024\" src=\"https:\/\/azs.uksw.edu.pl\/wp-content\/uploads\/sites\/55\/2025\/09\/482869614_671224232039806_925485670117123274_n-655x1024.jpg\" alt=\"\" class=\"wp-image-5801\" srcset=\"https:\/\/azs.uksw.edu.pl\/wp-content\/uploads\/sites\/55\/2025\/09\/482869614_671224232039806_925485670117123274_n-655x1024.jpg 655w, https:\/\/azs.uksw.edu.pl\/wp-content\/uploads\/sites\/55\/2025\/09\/482869614_671224232039806_925485670117123274_n-192x300.jpg 192w, https:\/\/azs.uksw.edu.pl\/wp-content\/uploads\/sites\/55\/2025\/09\/482869614_671224232039806_925485670117123274_n-768x1202.jpg 768w, https:\/\/azs.uksw.edu.pl\/wp-content\/uploads\/sites\/55\/2025\/09\/482869614_671224232039806_925485670117123274_n.jpg 923w\" sizes=\"(max-width: 655px) 100vw, 655px\" \/><\/figure>\n","protected":false},"excerpt":{"rendered":"<p>Co roku startujemy w Akademickich Mistrzostwach Polski, ale zach\u0119camy te\u017c do start\u00f3w w innych zawodach. Na wszystkie pytania z ch\u0119ci\u0105 odpowiemy drog\u0105 mailow\u0105 lub przez Messenger AZS UKSW<\/p>\n","protected":false},"author":627,"featured_media":0,"parent":5118,"menu_order":7,"comment_status":"closed","ping_status":"closed","template":"page-templates\/template-standerd-page.php","meta":{"_acf_changed":false,"inline_featured_image":false,"footnotes":"","_links_to":"","_links_to_target":""},"class_list":["post-5189","page","type-page","status-publish","hentry"],"acf":[],"_links":{"self":[{"href":"https:\/\/azs.uksw.edu.pl\/pl\/wp-json\/wp\/v2\/pages\/5189","targetHints":{"allow":["GET"]}}],"collection":[{"href":"https:\/\/azs.uksw.edu.pl\/pl\/wp-json\/wp\/v2\/pages"}],"about":[{"href":"https:\/\/azs.uksw.edu.pl\/pl\/wp-json\/wp\/v2\/types\/page"}],"author":[{"embeddable":true,"href":"https:\/\/azs.uksw.edu.pl\/pl\/wp-json\/wp\/v2\/users\/627"}],"replies":[{"embeddable":true,"href":"https:\/\/azs.uksw.edu.pl\/pl\/wp-json\/wp\/v2\/comments?post=5189"}],"version-history":[{"count":15,"href":"https:\/\/azs.uksw.edu.pl\/pl\/wp-json\/wp\/v2\/pages\/5189\/revisions"}],"predecessor-version":[{"id":5805,"href":"https:\/\/azs.uksw.edu.pl\/pl\/wp-json\/wp\/v2\/pages\/5189\/revisions\/5805"}],"up":[{"embeddable":true,"href":"https:\/\/azs.uksw.edu.pl\/pl\/wp-json\/wp\/v2\/pages\/5118"}],"wp:attachment":[{"href":"https:\/\/azs.uksw.edu.pl\/pl\/wp-json\/wp\/v2\/media?parent=5189"}],"curies":[{"name":"wp","href":"https:\/\/api.w.org\/{rel}","templated":true}]}}