{"id":5186,"date":"2024-10-18T20:19:23","date_gmt":"2024-10-18T18:19:23","guid":{"rendered":"https:\/\/jednostki.uksw.edu.pl\/azs\/?page_id=5186"},"modified":"2025-10-23T23:13:12","modified_gmt":"2025-10-23T21:13:12","slug":"tenis-stolowy","status":"publish","type":"page","link":"https:\/\/azs.uksw.edu.pl\/strona-glowna\/sekcje-sportowe\/tenis-stolowy\/","title":{"rendered":"Tenis sto\u0142owy"},"content":{"rendered":"\n<h2 class=\"wp-block-heading\">O nas:<\/h2>\n\n\n\n<p>Sekcja tenisa sto\u0142owego jest najnowsz\u0105 sekcj\u0105 KU AZS UKSW. Posiadamy dwa sto\u0142y wraz z paletkami oraz pi\u0142eczkami.<\/p>\n\n\n\n<h2 class=\"wp-block-heading\">Treningi:<\/h2>\n\n\n\n<p>Zaj\u0119cia odbywaj\u0105 si\u0119 w budynku centrum sportu UKSW przy Kazimierza W\u00f3ycickiego 5.<\/p>\n\n\n\n<p>Aktualnie treningi s\u0105 wstrzymane \ud83d\ude41<\/p>\n\n\n\n<h2 class=\"wp-block-heading\">Jak do\u0142\u0105czy\u0107:<\/h2>\n\n\n\n<p>Zg\u0142oszenia do sekcji poprzez maila azs@uksw.edu.pl lub Messenger AZS UKSW.<\/p>\n\n\n\n<p>Zapraszamy te\u017c do do\u0142\u0105czenia do grupy sekcji: <\/p>\n\n\n\n<div class=\"wp-block-buttons is-layout-flex wp-block-buttons-is-layout-flex\">\n<div class=\"wp-block-button\"><a class=\"wp-block-button__link has-midnight-gradient-background has-background wp-element-button\" href=\"https:\/\/www.facebook.com\/share\/g\/BHh1ju4c7nUgxJEf\/\">Sekcja tenisa sto\u0142owego<\/a><\/div>\n<\/div>\n\n\n\n<h2 class=\"wp-block-heading\"><\/h2>\n","protected":false},"excerpt":{"rendered":"<p>O nas: Sekcja tenisa sto\u0142owego jest najnowsz\u0105 sekcj\u0105 KU AZS UKSW. Posiadamy dwa sto\u0142y wraz z paletkami oraz pi\u0142eczkami. Treningi: Zaj\u0119cia odbywaj\u0105 si\u0119 w budynku centrum sportu UKSW przy Kazimierza W\u00f3ycickiego 5. Aktualnie treningi s\u0105 wstrzymane \ud83d\ude41 Jak do\u0142\u0105czy\u0107: Zg\u0142oszenia do sekcji poprzez maila azs@uksw.edu.pl lub Messenger AZS UKSW. Zapraszamy te\u017c do do\u0142\u0105czenia do grupy [&hellip;]<\/p>\n","protected":false},"author":627,"featured_media":0,"parent":5118,"menu_order":8,"comment_status":"closed","ping_status":"closed","template":"page-templates\/template-standerd-page.php","meta":{"_acf_changed":false,"inline_featured_image":false,"footnotes":"","_links_to":"","_links_to_target":""},"class_list":["post-5186","page","type-page","status-publish","hentry"],"acf":[],"_links":{"self":[{"href":"https:\/\/azs.uksw.edu.pl\/pl\/wp-json\/wp\/v2\/pages\/5186","targetHints":{"allow":["GET"]}}],"collection":[{"href":"https:\/\/azs.uksw.edu.pl\/pl\/wp-json\/wp\/v2\/pages"}],"about":[{"href":"https:\/\/azs.uksw.edu.pl\/pl\/wp-json\/wp\/v2\/types\/page"}],"author":[{"embeddable":true,"href":"https:\/\/azs.uksw.edu.pl\/pl\/wp-json\/wp\/v2\/users\/627"}],"replies":[{"embeddable":true,"href":"https:\/\/azs.uksw.edu.pl\/pl\/wp-json\/wp\/v2\/comments?post=5186"}],"version-history":[{"count":12,"href":"https:\/\/azs.uksw.edu.pl\/pl\/wp-json\/wp\/v2\/pages\/5186\/revisions"}],"predecessor-version":[{"id":5833,"href":"https:\/\/azs.uksw.edu.pl\/pl\/wp-json\/wp\/v2\/pages\/5186\/revisions\/5833"}],"up":[{"embeddable":true,"href":"https:\/\/azs.uksw.edu.pl\/pl\/wp-json\/wp\/v2\/pages\/5118"}],"wp:attachment":[{"href":"https:\/\/azs.uksw.edu.pl\/pl\/wp-json\/wp\/v2\/media?parent=5186"}],"curies":[{"name":"wp","href":"https:\/\/api.w.org\/{rel}","templated":true}]}}