{"id":5173,"date":"2024-10-10T22:24:21","date_gmt":"2024-10-10T20:24:21","guid":{"rendered":"https:\/\/jednostki.uksw.edu.pl\/azs\/?page_id=5173"},"modified":"2025-10-23T23:17:21","modified_gmt":"2025-10-23T21:17:21","slug":"legitymacja","status":"publish","type":"page","link":"https:\/\/azs.uksw.edu.pl\/strona-glowna\/legitymacja\/","title":{"rendered":"Legitymacja"},"content":{"rendered":"\n<p class=\"has-text-align-left\"><strong>Zosta\u0144 cz\u0142onkiem AZS i wyr\u00f3b legitymacj\u0119!<\/strong><\/p>\n\n\n\n<div class=\"wp-block-columns\">\n<div class=\"wp-block-column\">\n<h2 class=\"wp-block-heading has-text-align-left\">Legitymacja daje ci:<\/h2>\n\n\n\n<ul id=\"block-eebddde5-670a-4847-b1e9-8f64128091fd\" class=\"wp-block-list\">\n<li>Mo\u017cliwo\u015b\u0107 trenowania w sekcji sportowej<\/li>\n\n\n\n<li>Mo\u017cliwo\u015b\u0107 startowania w zawodach<\/li>\n\n\n\n<li>Ubezpieczenie<\/li>\n\n\n\n<li>Wiele zni\u017cek na ca\u0142ym \u015bwiecie<\/li>\n<\/ul>\n<\/div>\n\n\n\n<div class=\"wp-block-column\">\n<figure class=\"wp-block-image size-full\"><a href=\"https:\/\/azs.pl\/legitymacja-isic\"><img decoding=\"async\" width=\"400\" height=\"252\" src=\"https:\/\/jednostki.uksw.edu.pl\/azs\/wp-content\/uploads\/sites\/55\/2024\/10\/ISIC-AZS-1.jpg\" alt=\"\" class=\"wp-image-5176\" srcset=\"https:\/\/azs.uksw.edu.pl\/wp-content\/uploads\/sites\/55\/2024\/10\/ISIC-AZS-1.jpg 400w, https:\/\/azs.uksw.edu.pl\/wp-content\/uploads\/sites\/55\/2024\/10\/ISIC-AZS-1-300x189.jpg 300w\" sizes=\"(max-width: 400px) 100vw, 400px\" \/><\/a><\/figure>\n<\/div>\n<\/div>\n\n\n\n<div style=\"height:33px\" aria-hidden=\"true\" class=\"wp-block-spacer\"><\/div>\n\n\n\n<div style=\"height:33px\" aria-hidden=\"true\" class=\"wp-block-spacer\"><\/div>\n\n\n\n<div class=\"wp-block-columns\">\n<div class=\"wp-block-column\">\n<h2 class=\"wp-block-heading has-text-align-left\">Wyrabiasz albo przed\u0142u\u017casz  legitymacj\u0119? <\/h2>\n\n\n\n<div class=\"wp-block-group is-style-fill has-medium-font-size\">\n<div class=\"wp-block-buttons is-horizontal is-content-justification-left is-nowrap is-layout-flex wp-container-core-buttons-is-layout-9577f4e0 wp-block-buttons-is-layout-flex\">\n<div class=\"wp-block-button is-style-outline is-style-outline--1\"><a class=\"wp-block-button__link has-background has-text-align-center wp-element-button\" href=\"https:\/\/azs.pl\/legitymacja-isic\" style=\"background:radial-gradient(rgba(121,219,180,0.89) 0%,rgba(40,211,148,0.72) 100%)\">Wype\u0142nij wniosek!<\/a><\/div>\n<\/div>\n<\/div>\n\n\n\n<p><\/p>\n\n\n\n<p><\/p>\n\n\n\n<h2 class=\"wp-block-heading\">Przygotowali\u015bmy instrukcj\u0119 \u017ceby u\u0142atwi\u0107 ten proces<\/h2>\n\n\n\r\n<div class=\"\">\r\n\r\n\r\n<div class=\"row\">\r\n\r\n  \r\n<div class=\"col-xl-12 col-lg-12 col-md-12 col-sm-12 \">\r\n\t\t<div class=\"download_detils\">\r\n\t\t\t<a href=\"https:\/\/azs.uksw.edu.pl\/wp-content\/uploads\/sites\/55\/2025\/10\/Procedury-wyrobienia-legitymacji-AZS-i-certyfikatu-UKSW.pdf\"  target=\"_blank\" >\r\n\t\t\t<img decoding=\"async\" src=\"https:\/\/azs.uksw.edu.pl\/wp-content\/themes\/uksw\/images\/import.svg\" alt=\"\"> Instrukcja wyrabiania legitymacji i certyfikatu przynale\u017cno\u015bci akademickiej [PDF,  0.56 MB]<\/a>\r\n\t\t<\/div>\r\n<\/div>\r\n\r\n\r\n\t\t\r\n\t\t \r\n\r\n<\/div>\r\n<\/div>\r\n<div class=\"space20\"><\/div>\r\n\r\n<\/div>\n<\/div>\n\n\n\n<div class=\"wp-block-group\">\n<div class=\"wp-block-columns\">\n<div class=\"wp-block-column\"><\/div>\n\n\n\n<div class=\"wp-block-column\"><\/div>\n<\/div>\n<\/div>\n","protected":false},"excerpt":{"rendered":"<p>Zosta\u0144 cz\u0142onkiem AZS i wyr\u00f3b legitymacj\u0119! Legitymacja daje ci: Wyrabiasz albo przed\u0142u\u017casz legitymacj\u0119? Przygotowali\u015bmy instrukcj\u0119 \u017ceby u\u0142atwi\u0107 ten proces<\/p>\n","protected":false},"author":627,"featured_media":0,"parent":5257,"menu_order":3,"comment_status":"closed","ping_status":"closed","template":"page-templates\/template-standerd-page.php","meta":{"_acf_changed":false,"inline_featured_image":false,"footnotes":"","_links_to":"","_links_to_target":""},"class_list":["post-5173","page","type-page","status-publish","hentry"],"acf":[],"_links":{"self":[{"href":"https:\/\/azs.uksw.edu.pl\/pl\/wp-json\/wp\/v2\/pages\/5173","targetHints":{"allow":["GET"]}}],"collection":[{"href":"https:\/\/azs.uksw.edu.pl\/pl\/wp-json\/wp\/v2\/pages"}],"about":[{"href":"https:\/\/azs.uksw.edu.pl\/pl\/wp-json\/wp\/v2\/types\/page"}],"author":[{"embeddable":true,"href":"https:\/\/azs.uksw.edu.pl\/pl\/wp-json\/wp\/v2\/users\/627"}],"replies":[{"embeddable":true,"href":"https:\/\/azs.uksw.edu.pl\/pl\/wp-json\/wp\/v2\/comments?post=5173"}],"version-history":[{"count":42,"href":"https:\/\/azs.uksw.edu.pl\/pl\/wp-json\/wp\/v2\/pages\/5173\/revisions"}],"predecessor-version":[{"id":5837,"href":"https:\/\/azs.uksw.edu.pl\/pl\/wp-json\/wp\/v2\/pages\/5173\/revisions\/5837"}],"up":[{"embeddable":true,"href":"https:\/\/azs.uksw.edu.pl\/pl\/wp-json\/wp\/v2\/pages\/5257"}],"wp:attachment":[{"href":"https:\/\/azs.uksw.edu.pl\/pl\/wp-json\/wp\/v2\/media?parent=5173"}],"curies":[{"name":"wp","href":"https:\/\/api.w.org\/{rel}","templated":true}]}}