{"id":5168,"date":"2024-10-18T20:20:07","date_gmt":"2024-10-18T18:20:07","guid":{"rendered":"https:\/\/jednostki.uksw.edu.pl\/azs\/?page_id=5168"},"modified":"2024-10-18T20:20:08","modified_gmt":"2024-10-18T18:20:08","slug":"sporty-indywidualne","status":"publish","type":"page","link":"https:\/\/azs.uksw.edu.pl\/strona-glowna\/sekcje-sportowe\/sporty-indywidualne\/","title":{"rendered":"Sekcja sport\u00f3w indywidualnych"},"content":{"rendered":"\n<div class=\"wp-block-columns\">\n<div class=\"wp-block-column\">\n<h2 class=\"wp-block-heading\">Studenci zainteresowani:<\/h2>\n\n\n\n<ul class=\"wp-block-list\">\n<li>biegami prze\u0142ajowymi,<\/li>\n\n\n\n<li>ergometrem wio\u015blarskim,<\/li>\n\n\n\n<li>tenisem,<\/li>\n\n\n\n<li>lekk\u0105 atletyk\u0105,<\/li>\n\n\n\n<li>judo<\/li>\n\n\n\n<li>szermierk\u0105<br>a tak\u017ce innymi dyscyplinami sport\u00f3w indywidualnych, proszeni s\u0105 o kontakt poprzez maila AZS UKSW<br>azs@uksw.edu.pl lub przez <a href=\"https:\/\/www.facebook.com\/AZS.UKSW?locale=pl_PL\" data-type=\"link\" data-id=\"https:\/\/www.facebook.com\/AZS.UKSW?locale=pl_PL\">messenger<\/a> <\/li>\n<\/ul>\n\n\n\n<ul class=\"wp-block-social-links is-layout-flex wp-block-social-links-is-layout-flex\"><li class=\"wp-social-link wp-social-link-facebook  wp-block-social-link\"><a href=\"https:\/\/www.facebook.com\/AZS.UKSW\" class=\"wp-block-social-link-anchor\"><svg width=\"24\" height=\"24\" viewBox=\"0 0 24 24\" version=\"1.1\" xmlns=\"http:\/\/www.w3.org\/2000\/svg\" aria-hidden=\"true\" focusable=\"false\"><path d=\"M12 2C6.5 2 2 6.5 2 12c0 5 3.7 9.1 8.4 9.9v-7H7.9V12h2.5V9.8c0-2.5 1.5-3.9 3.8-3.9 1.1 0 2.2.2 2.2.2v2.5h-1.3c-1.2 0-1.6.8-1.6 1.6V12h2.8l-.4 2.9h-2.3v7C18.3 21.1 22 17 22 12c0-5.5-4.5-10-10-10z\"><\/path><\/svg><span class=\"wp-block-social-link-label screen-reader-text\">Facebook<\/span><\/a><\/li><\/ul>\n\n\n\n<div style=\"height:20px\" aria-hidden=\"true\" class=\"wp-block-spacer\"><\/div>\n\n\n\n<h2 class=\"wp-block-heading\">Treningi:<\/h2>\n\n\n\n<p>Nie prowadzimy trening\u00f3w tych sport\u00f3w, jednak oferujemy mo\u017cliwo\u015b\u0107 startu w zawodach akademickich dla naszych cz\u0142onk\u00f3w.<\/p>\n<\/div>\n\n\n\n<div class=\"wp-block-column\"><div class=\"wp-block-image\">\n<figure class=\"alignright size-large\"><img decoding=\"async\" width=\"1024\" height=\"683\" src=\"https:\/\/jednostki.uksw.edu.pl\/azs\/wp-content\/uploads\/sites\/55\/2024\/10\/szermierka-1024x683.jpeg\" alt=\"\" class=\"wp-image-5267\" srcset=\"https:\/\/azs.uksw.edu.pl\/wp-content\/uploads\/sites\/55\/2024\/10\/szermierka-1024x683.jpeg 1024w, https:\/\/azs.uksw.edu.pl\/wp-content\/uploads\/sites\/55\/2024\/10\/szermierka-300x200.jpeg 300w, https:\/\/azs.uksw.edu.pl\/wp-content\/uploads\/sites\/55\/2024\/10\/szermierka-768x512.jpeg 768w, https:\/\/azs.uksw.edu.pl\/wp-content\/uploads\/sites\/55\/2024\/10\/szermierka-251x168.jpeg 251w, https:\/\/azs.uksw.edu.pl\/wp-content\/uploads\/sites\/55\/2024\/10\/szermierka-343x229.jpeg 343w, https:\/\/azs.uksw.edu.pl\/wp-content\/uploads\/sites\/55\/2024\/10\/szermierka-526x351.jpeg 526w, https:\/\/azs.uksw.edu.pl\/wp-content\/uploads\/sites\/55\/2024\/10\/szermierka-423x283.jpeg 423w, https:\/\/azs.uksw.edu.pl\/wp-content\/uploads\/sites\/55\/2024\/10\/szermierka-848x567.jpeg 848w, https:\/\/azs.uksw.edu.pl\/wp-content\/uploads\/sites\/55\/2024\/10\/szermierka.jpeg 1080w\" sizes=\"(max-width: 1024px) 100vw, 1024px\" \/><\/figure><\/div><\/div>\n<\/div>\n","protected":false},"excerpt":{"rendered":"<p>Studenci zainteresowani: Treningi: Nie prowadzimy trening\u00f3w tych sport\u00f3w, jednak oferujemy mo\u017cliwo\u015b\u0107 startu w zawodach akademickich dla naszych cz\u0142onk\u00f3w.<\/p>\n","protected":false},"author":627,"featured_media":0,"parent":5118,"menu_order":9,"comment_status":"closed","ping_status":"closed","template":"page-templates\/template-standerd-page.php","meta":{"_acf_changed":false,"inline_featured_image":false,"footnotes":"","_links_to":"","_links_to_target":""},"class_list":["post-5168","page","type-page","status-publish","hentry"],"acf":[],"_links":{"self":[{"href":"https:\/\/azs.uksw.edu.pl\/pl\/wp-json\/wp\/v2\/pages\/5168","targetHints":{"allow":["GET"]}}],"collection":[{"href":"https:\/\/azs.uksw.edu.pl\/pl\/wp-json\/wp\/v2\/pages"}],"about":[{"href":"https:\/\/azs.uksw.edu.pl\/pl\/wp-json\/wp\/v2\/types\/page"}],"author":[{"embeddable":true,"href":"https:\/\/azs.uksw.edu.pl\/pl\/wp-json\/wp\/v2\/users\/627"}],"replies":[{"embeddable":true,"href":"https:\/\/azs.uksw.edu.pl\/pl\/wp-json\/wp\/v2\/comments?post=5168"}],"version-history":[{"count":8,"href":"https:\/\/azs.uksw.edu.pl\/pl\/wp-json\/wp\/v2\/pages\/5168\/revisions"}],"predecessor-version":[{"id":5451,"href":"https:\/\/azs.uksw.edu.pl\/pl\/wp-json\/wp\/v2\/pages\/5168\/revisions\/5451"}],"up":[{"embeddable":true,"href":"https:\/\/azs.uksw.edu.pl\/pl\/wp-json\/wp\/v2\/pages\/5118"}],"wp:attachment":[{"href":"https:\/\/azs.uksw.edu.pl\/pl\/wp-json\/wp\/v2\/media?parent=5168"}],"curies":[{"name":"wp","href":"https:\/\/api.w.org\/{rel}","templated":true}]}}