{"id":5140,"date":"2024-10-18T20:12:51","date_gmt":"2024-10-18T18:12:51","guid":{"rendered":"https:\/\/jednostki.uksw.edu.pl\/azs\/?page_id=5140"},"modified":"2026-01-26T17:15:09","modified_gmt":"2026-01-26T16:15:09","slug":"futsal","status":"publish","type":"page","link":"https:\/\/azs.uksw.edu.pl\/strona-glowna\/sekcje-sportowe\/futsal\/","title":{"rendered":"Futsal i pi\u0142ka no\u017cna m\u0119\u017cczyzn"},"content":{"rendered":"<div class=\"wp-block-image\">\n<figure class=\"alignright size-large\"><img decoding=\"async\" width=\"1024\" height=\"768\" src=\"https:\/\/jednostki.uksw.edu.pl\/azs\/wp-content\/uploads\/sites\/55\/2024\/10\/original_627302fe-569d-404a-843c-69799d8d1c42_20241008_203226-1024x768.jpg\" alt=\"\" class=\"wp-image-5262\" srcset=\"https:\/\/azs.uksw.edu.pl\/wp-content\/uploads\/sites\/55\/2024\/10\/original_627302fe-569d-404a-843c-69799d8d1c42_20241008_203226-1024x768.jpg 1024w, https:\/\/azs.uksw.edu.pl\/wp-content\/uploads\/sites\/55\/2024\/10\/original_627302fe-569d-404a-843c-69799d8d1c42_20241008_203226-300x225.jpg 300w, https:\/\/azs.uksw.edu.pl\/wp-content\/uploads\/sites\/55\/2024\/10\/original_627302fe-569d-404a-843c-69799d8d1c42_20241008_203226-768x576.jpg 768w, https:\/\/azs.uksw.edu.pl\/wp-content\/uploads\/sites\/55\/2024\/10\/original_627302fe-569d-404a-843c-69799d8d1c42_20241008_203226-1536x1152.jpg 1536w, https:\/\/azs.uksw.edu.pl\/wp-content\/uploads\/sites\/55\/2024\/10\/original_627302fe-569d-404a-843c-69799d8d1c42_20241008_203226-2048x1536.jpg 2048w\" sizes=\"(max-width: 1024px) 100vw, 1024px\" \/><\/figure><\/div>\n\n\n<p>Sekcja Futsalu jest dopiero \u015bwie\u017c\u0105 sekcj\u0105 na naszej uczelni, aczkolwiek ju\u017c posiadaj\u0105c\u0105 bardzo dobr\u0105 kadr\u0119, kt\u00f3ra b\u0119dzie w stanie powalczy\u0107 o osi\u0105gni\u0119cia na zbli\u017caj\u0105cych si\u0119 turniejach oraz na AMP. Ka\u017cdy w kadrze stara si\u0119 i przychodzi na treningi przez co doskonalimy swoje umiej\u0119tno\u015bci i pracujemy nad zgraniem mi\u0119dzy sob\u0105.<\/p>\n\n\n\n<h2 class=\"wp-block-heading\"><br>Treningi: <\/h2>\n\n\n\n<p>Hala sportowa UKSW W\u00f3ycickiego 5<\/p>\n\n\n\n<p>Wtorki 20:30 &#8211; 22:00<\/p>\n\n\n\n<p>Soboty 13:30-15:00<\/p>\n\n\n\n<p><\/p>\n\n\n\n<p>Czwartki &#8211; orlik<\/p>\n\n\n\n<p><\/p>\n\n\n\n<p><br>Zapraszamy do do\u0142\u0105czenia wszystkich ch\u0119tnych z przynajmniej podstawowymi umiej\u0119tno\u015bciami w pi\u0142ce no\u017cnej. W tym celu wystarczy skontaktowa\u0107 si\u0119 z trenerem.<\/p>\n\n\n\n<h2 class=\"wp-block-heading\">Trener\/kierownik sekcji<br>Kacper Kami\u0144ski<\/h2>\n\n\n\n<p>tel. 730501068<\/p>\n\n\n\n<ul class=\"wp-block-social-links is-layout-flex wp-block-social-links-is-layout-flex\"><li class=\"wp-social-link wp-social-link-facebook  wp-block-social-link\"><a href=\"https:\/\/www.facebook.com\/kacper.kaminski.1800\" class=\"wp-block-social-link-anchor\"><svg width=\"24\" height=\"24\" viewBox=\"0 0 24 24\" version=\"1.1\" xmlns=\"http:\/\/www.w3.org\/2000\/svg\" aria-hidden=\"true\" focusable=\"false\"><path d=\"M12 2C6.5 2 2 6.5 2 12c0 5 3.7 9.1 8.4 9.9v-7H7.9V12h2.5V9.8c0-2.5 1.5-3.9 3.8-3.9 1.1 0 2.2.2 2.2.2v2.5h-1.3c-1.2 0-1.6.8-1.6 1.6V12h2.8l-.4 2.9h-2.3v7C18.3 21.1 22 17 22 12c0-5.5-4.5-10-10-10z\"><\/path><\/svg><span class=\"wp-block-social-link-label screen-reader-text\">Facebook<\/span><\/a><\/li><\/ul>\n\n\n\n<p><\/p>\n","protected":false},"excerpt":{"rendered":"<p>Sekcja Futsalu jest dopiero \u015bwie\u017c\u0105 sekcj\u0105 na naszej uczelni, aczkolwiek ju\u017c posiadaj\u0105c\u0105 bardzo dobr\u0105 kadr\u0119, kt\u00f3ra b\u0119dzie w stanie powalczy\u0107 o osi\u0105gni\u0119cia na zbli\u017caj\u0105cych si\u0119 turniejach oraz na AMP. Ka\u017cdy w kadrze stara si\u0119 i przychodzi na treningi przez co doskonalimy swoje umiej\u0119tno\u015bci i pracujemy nad zgraniem mi\u0119dzy sob\u0105. Treningi: Hala sportowa UKSW W\u00f3ycickiego 5 [&hellip;]<\/p>\n","protected":false},"author":627,"featured_media":0,"parent":5118,"menu_order":1,"comment_status":"closed","ping_status":"closed","template":"page-templates\/template-standerd-page.php","meta":{"_acf_changed":false,"inline_featured_image":false,"footnotes":"","_links_to":"","_links_to_target":""},"class_list":["post-5140","page","type-page","status-publish","hentry"],"acf":[],"_links":{"self":[{"href":"https:\/\/azs.uksw.edu.pl\/pl\/wp-json\/wp\/v2\/pages\/5140","targetHints":{"allow":["GET"]}}],"collection":[{"href":"https:\/\/azs.uksw.edu.pl\/pl\/wp-json\/wp\/v2\/pages"}],"about":[{"href":"https:\/\/azs.uksw.edu.pl\/pl\/wp-json\/wp\/v2\/types\/page"}],"author":[{"embeddable":true,"href":"https:\/\/azs.uksw.edu.pl\/pl\/wp-json\/wp\/v2\/users\/627"}],"replies":[{"embeddable":true,"href":"https:\/\/azs.uksw.edu.pl\/pl\/wp-json\/wp\/v2\/comments?post=5140"}],"version-history":[{"count":16,"href":"https:\/\/azs.uksw.edu.pl\/pl\/wp-json\/wp\/v2\/pages\/5140\/revisions"}],"predecessor-version":[{"id":5874,"href":"https:\/\/azs.uksw.edu.pl\/pl\/wp-json\/wp\/v2\/pages\/5140\/revisions\/5874"}],"up":[{"embeddable":true,"href":"https:\/\/azs.uksw.edu.pl\/pl\/wp-json\/wp\/v2\/pages\/5118"}],"wp:attachment":[{"href":"https:\/\/azs.uksw.edu.pl\/pl\/wp-json\/wp\/v2\/media?parent=5140"}],"curies":[{"name":"wp","href":"https:\/\/api.w.org\/{rel}","templated":true}]}}