{"id":5118,"date":"2024-10-18T20:00:43","date_gmt":"2024-10-18T18:00:43","guid":{"rendered":"https:\/\/jednostki.uksw.edu.pl\/azs\/?page_id=5118"},"modified":"2024-11-03T16:44:59","modified_gmt":"2024-11-03T15:44:59","slug":"sekcje-sportowe","status":"publish","type":"page","link":"https:\/\/azs.uksw.edu.pl\/strona-glowna\/sekcje-sportowe\/","title":{"rendered":"Sekcje sportowe"},"content":{"rendered":"\n<figure class=\"wp-block-gallery has-nested-images columns-default is-cropped wp-block-gallery-1 is-layout-flex wp-block-gallery-is-layout-flex\">\n<figure class=\"wp-block-image size-large\"><a href=\"https:\/\/azs.uksw.edu.pl\/strona-glowna\/sekcje-sportowe\/plywanie\/\"><img decoding=\"async\" width=\"150\" height=\"150\" data-id=\"5216\" src=\"https:\/\/azs.uksw.edu.pl\/wp-content\/uploads\/sites\/55\/2024\/10\/plywanie-150x150-1.webp\" alt=\"\" class=\"wp-image-5216\" \/><\/a><figcaption class=\"wp-element-caption\"><strong>P\u0142ywanie<\/strong><\/figcaption><\/figure>\n\n\n\n<figure class=\"wp-block-image size-large\"><a href=\"https:\/\/azs.uksw.edu.pl\/strona-glowna\/sekcje-sportowe\/siatkowka-mezczyzn\/\"><img decoding=\"async\" width=\"150\" height=\"150\" data-id=\"5228\" src=\"https:\/\/azs.uksw.edu.pl\/wp-content\/uploads\/sites\/55\/2024\/10\/siatkowka-150x150-1.webp\" alt=\"\" class=\"wp-image-5228\" \/><\/a><figcaption class=\"wp-element-caption\"><strong>Pi\u0142ka Siatkowa m\u0119\u017cczyzn<\/strong><\/figcaption><\/figure>\n\n\n\n<figure class=\"wp-block-image size-large\"><a href=\"https:\/\/azs.uksw.edu.pl\/strona-glowna\/sekcje-sportowe\/siatkowka-kobiet\/\"><img decoding=\"async\" width=\"150\" height=\"150\" data-id=\"5218\" src=\"https:\/\/azs.uksw.edu.pl\/wp-content\/uploads\/sites\/55\/2024\/10\/siatkowka_kobiet_2-150x150-1.webp\" alt=\"\" class=\"wp-image-5218\" \/><\/a><figcaption class=\"wp-element-caption\"><strong>Pi\u0142ka siatkowa kobiet<\/strong><\/figcaption><\/figure>\n\n\n\n<figure class=\"wp-block-image size-large\"><a href=\"https:\/\/azs.uksw.edu.pl\/strona-glowna\/sekcje-sportowe\/futsal\/\"><img decoding=\"async\" width=\"150\" height=\"150\" data-id=\"5119\" src=\"https:\/\/azs.uksw.edu.pl\/wp-content\/uploads\/sites\/55\/2024\/10\/futsal-150x150-1.webp\" alt=\"\" class=\"wp-image-5119\" \/><\/a><figcaption class=\"wp-element-caption\"><strong>Futsal i pi\u0142ka no\u017cna m\u0119\u017cczyzn<\/strong><\/figcaption><\/figure>\n\n\n\n<figure class=\"wp-block-image size-large\"><a href=\"https:\/\/azs.uksw.edu.pl\/strona-glowna\/sekcje-sportowe\/kosz-mezczyzn\/\"><img decoding=\"async\" width=\"150\" height=\"150\" data-id=\"5229\" src=\"https:\/\/azs.uksw.edu.pl\/wp-content\/uploads\/sites\/55\/2024\/10\/koszykowka-150x150-1.webp\" alt=\"\" class=\"wp-image-5229\" \/><\/a><figcaption class=\"wp-element-caption\"><strong>Koszyk\u00f3wka m\u0119\u017cczyzn<\/strong><\/figcaption><\/figure>\n\n\n\n<figure class=\"wp-block-image size-large\"><a href=\"https:\/\/azs.uksw.edu.pl\/strona-glowna\/sekcje-sportowe\/kosz-kobiet\/\"><img decoding=\"async\" width=\"150\" height=\"150\" data-id=\"5220\" src=\"https:\/\/azs.uksw.edu.pl\/wp-content\/uploads\/sites\/55\/2024\/10\/koszykowka_kobiet-150x150-1.webp\" alt=\"\" class=\"wp-image-5220\" \/><\/a><figcaption class=\"wp-element-caption\"><strong>Koszyk\u00f3wka kobiet<\/strong><\/figcaption><\/figure>\n\n\n\n<figure class=\"wp-block-image size-large\"><a href=\"https:\/\/azs.uksw.edu.pl\/strona-glowna\/sekcje-sportowe\/szachy\/\"><img decoding=\"async\" width=\"150\" height=\"150\" data-id=\"5214\" src=\"https:\/\/azs.uksw.edu.pl\/wp-content\/uploads\/sites\/55\/2024\/10\/szachy-150x150-1.webp\" alt=\"\" class=\"wp-image-5214\" \/><\/a><figcaption class=\"wp-element-caption\"><strong>Szach<\/strong><strong>y i bryd\u017c sportowy<\/strong><\/figcaption><\/figure>\n\n\n\n<figure class=\"wp-block-image size-large\"><a href=\"https:\/\/azs.uksw.edu.pl\/strona-glowna\/sekcje-sportowe\/tenis-stolowy\/\"><img decoding=\"async\" width=\"150\" height=\"150\" data-id=\"5215\" src=\"https:\/\/azs.uksw.edu.pl\/wp-content\/uploads\/sites\/55\/2024\/10\/pingpong-150x150-1.webp\" alt=\"\" class=\"wp-image-5215\" \/><\/a><figcaption class=\"wp-element-caption\"><strong>Tenis sto\u0142owy<\/strong><\/figcaption><\/figure>\n\n\n\n<figure class=\"wp-block-image size-large\"><a href=\"https:\/\/azs.uksw.edu.pl\/strona-glowna\/sekcje-sportowe\/sporty-indywidualne\/\"><img decoding=\"async\" width=\"150\" height=\"150\" data-id=\"5219\" src=\"https:\/\/azs.uksw.edu.pl\/wp-content\/uploads\/sites\/55\/2024\/10\/lekkoatletyka-150x150-1.webp\" alt=\"\" class=\"wp-image-5219\" \/><\/a><figcaption class=\"wp-element-caption\"><strong>Sekcja sport\u00f3w indywidualnych<\/strong><\/figcaption><\/figure>\n<\/figure>\n","protected":false},"excerpt":{"rendered":"","protected":false},"author":627,"featured_media":0,"parent":5257,"menu_order":2,"comment_status":"closed","ping_status":"closed","template":"","meta":{"_acf_changed":false,"inline_featured_image":false,"footnotes":"","_links_to":"","_links_to_target":""},"class_list":["post-5118","page","type-page","status-publish","hentry"],"acf":[],"_links":{"self":[{"href":"https:\/\/azs.uksw.edu.pl\/pl\/wp-json\/wp\/v2\/pages\/5118","targetHints":{"allow":["GET"]}}],"collection":[{"href":"https:\/\/azs.uksw.edu.pl\/pl\/wp-json\/wp\/v2\/pages"}],"about":[{"href":"https:\/\/azs.uksw.edu.pl\/pl\/wp-json\/wp\/v2\/types\/page"}],"author":[{"embeddable":true,"href":"https:\/\/azs.uksw.edu.pl\/pl\/wp-json\/wp\/v2\/users\/627"}],"replies":[{"embeddable":true,"href":"https:\/\/azs.uksw.edu.pl\/pl\/wp-json\/wp\/v2\/comments?post=5118"}],"version-history":[{"count":28,"href":"https:\/\/azs.uksw.edu.pl\/pl\/wp-json\/wp\/v2\/pages\/5118\/revisions"}],"predecessor-version":[{"id":5656,"href":"https:\/\/azs.uksw.edu.pl\/pl\/wp-json\/wp\/v2\/pages\/5118\/revisions\/5656"}],"up":[{"embeddable":true,"href":"https:\/\/azs.uksw.edu.pl\/pl\/wp-json\/wp\/v2\/pages\/5257"}],"wp:attachment":[{"href":"https:\/\/azs.uksw.edu.pl\/pl\/wp-json\/wp\/v2\/media?parent=5118"}],"curies":[{"name":"wp","href":"https:\/\/api.w.org\/{rel}","templated":true}]}}